{"id":1456,"date":"2021-11-03T10:46:34","date_gmt":"2021-11-03T10:46:34","guid":{"rendered":"https:\/\/proboca.es\/?page_id=1456"},"modified":"2024-08-22T11:03:54","modified_gmt":"2024-08-22T11:03:54","slug":"politica-cookies-santona","status":"publish","type":"page","link":"https:\/\/proboca.es\/en\/politica-cookies-santona\/","title":{"rendered":"Cookies policy"},"content":{"rendered":"<p>[et_pb_section fb_built=\u00bb1&#8243; _builder_version=\u00bb4.16&#8243; global_colors_info=\u00bb{}\u00bb][et_pb_row _builder_version=\u00bb4.16&#8243; background_size=\u00bbinitial\u00bb background_position=\u00bbtop_left\u00bb background_repeat=\u00bbrepeat\u00bb global_colors_info=\u00bb{}\u00bb][et_pb_column type=\u00bb4_4&#8243; _builder_version=\u00bb4.16&#8243; custom_padding=\u00bb|||\u00bb global_colors_info=\u00bb{}\u00bb custom_padding__hover=\u00bb|||\u00bb][et_pb_text _builder_version=\u00bb4.16&#8243; _module_preset=\u00bbdefault\u00bb header_text_align=\u00bbcenter\u00bb custom_margin=\u00bb||45px|||\u00bb global_colors_info=\u00bb{}\u00bb]<\/p>\n<h1>POL\u00cdTICA DE COOKIES<\/h1>\n<p>[\/et_pb_text][et_pb_text _builder_version=\u00bb4.16&#8243; background_size=\u00bbinitial\u00bb background_position=\u00bbtop_left\u00bb background_repeat=\u00bbrepeat\u00bb global_colors_info=\u00bb{}\u00bb]<\/p>\n<p>https:\/\/proboca.es\/\u00a0utiliza cookies con la finalidad de prestarle una mejor experiencia en su navegaci\u00f3n. Asimismo, en caso de que preste su consentimiento, utilizaremos cookies que nos permitan obtener m\u00e1s informaci\u00f3n acerca de sus preferencias y personalizar nuestro Sitio Web de conformidad con sus intereses individuales, para que tenga una navegaci\u00f3n m\u00e1s fluida y personalizada.<\/p>\n<p>&nbsp;<\/p>\n<p>Desde CLINICA BALLINA SLPU queremos informarle de manera clara y precisa sobre las cookies que utilizamos en nuestro sitio web. En caso de que quiera obtener m\u00e1s informaci\u00f3n sobre el uso y la finalidad que hacemos de las cookies implementadas en nuestro sitio web, puede escribir un correo electr\u00f3nico a <span style=\"color: #000000;\"><a href=\"mailto:mutualista@grupopsn.es\" style=\"color: #000000;\">c<\/a><\/span>antabria@proboca.es<\/p>\n<p>&nbsp;<\/p>\n<p><strong><em>\u00bfQu\u00e9 es una cookie?<\/em><\/strong><\/p>\n<p>Una cookie es un peque\u00f1o archivo que se descarga en el ordenador, tablet o smartphone del usuario, con la finalidad de almacenar datos e informaci\u00f3n que podr\u00e1n ser actualizados y recuperados por la entidad responsable de su instalaci\u00f3n.<\/p>\n<p>La informaci\u00f3n recabada a trav\u00e9s de las cookies puede incluir la fecha y hora de visitas al sitio web, las distintas pesta\u00f1as que usted ha visionado o el tiempo que ha permanecido en el mismo.<\/p>\n<p>Las cookies de este sitio web no almacenan informaci\u00f3n confidencial como su nombre, direcci\u00f3n, etc., no obstante, si desea restringir, bloquear o eliminar las cookies de este sitio web o de cualquier otro, puede configurar su navegador para rechazar o aceptar las mismas o para que estas \u00e9stas sean eliminadas de forma autom\u00e1tica una vez cierre el navegador o apague el ordenador o dispositivo m\u00f3vil.<\/p>\n<p>&nbsp;<\/p>\n<p><strong><em>\u00bfQu\u00e9 tipos de cookies utiliza <\/em>https:\/\/proboca.es\/<\/strong><strong>?<\/strong><\/p>\n<p>&nbsp;<\/p>\n<ul>\n<li><strong>Cookies de sesi\u00f3n:\u00a0<\/strong>dise\u00f1adas para recabar y almacenar datos mientras el usuario accede a una p\u00e1gina web. Se suelen emplear para almacenar informaci\u00f3n que s\u00f3lo interesa conservar para la prestaci\u00f3n del servicio solicitado por el usuario en una sola ocasi\u00f3n (por ejemplo, una lista de productos adquiridos).<\/li>\n<\/ul>\n<p>&nbsp;<\/p>\n<p>Seg\u00fan quien sea la entidad que gestione el equipo o dominio desde donde se env\u00edan las cookies y trate los datos que se obtengan, podemos distinguir:<\/p>\n<ul>\n<li><strong>Cookies propias<\/strong><strong>:<\/strong>Son aquellas que se env\u00edan al dispositivo del usuario gestionadas exclusivamente por nosotros.<\/li>\n<li><strong>Cookies de terceros<\/strong><strong>:<\/strong>Son aquellas que se env\u00edan al dispositivo del usuario desde un equipo o dominio que no es gestionado por nosotros sino por otra entidad, que tratar\u00e1 los datos obtenidos.<br \/> Cuando navegue por http:\/\/www.clinicaballina.es\/se pueden instalar en tu dispositivo las siguientes cookies:<\/li>\n<\/ul>\n<p>Seg\u00fan la finalidad para las que se traten los datos obtenidos a trav\u00e9s de ellas, las cookies pueden ser<\/p>\n<p>&nbsp;<\/p>\n<table width=\"99%\">\n<tbody>\n<tr>\n<td width=\"11%\">Name<\/td>\n<td width=\"20%\">Descripci\u00f3n<\/td>\n<td width=\"68%\">Finalidad<\/td>\n<\/tr>\n<tr>\n<td width=\"11%\"><strong>Tipo 1<\/strong><\/td>\n<td width=\"20%\"><strong>Cookies t\u00e9cnicas<\/strong><\/td>\n<td width=\"68%\">Permiten al usuario la navegaci\u00f3n a trav\u00e9s de una p\u00e1gina web, plataforma o aplicaci\u00f3n y la utilizaci\u00f3n de las diferentes opciones o servicios que en ella existan, incluyendo aquellas que el editor utiliza para permitir la gesti\u00f3n y operativa de la p\u00e1gina web y habilitar sus funciones y servicios, como, por ejemplo, controlar el tr\u00e1fico y la comunicaci\u00f3n de datos, identificar la sesi\u00f3n acceder a partes de acceso restringido, entre otras funcionalidades<\/td>\n<\/tr>\n<tr>\n<td width=\"11%\"><strong>Tipo 2<\/strong><\/td>\n<td width=\"20%\"><strong>Cookies de preferencia o personalizaci\u00f3n<\/strong><\/td>\n<td width=\"68%\">Permiten recordar informaci\u00f3n para que el usuario acceda al servicio con determinadas caracter\u00edsticas que pueden diferenciar su experiencia de la de otros usuarios, como, por ejemplo, el idioma, el n\u00famero de resultados a mostrar cuando el usuario realiza una b\u00fasqueda, el aspecto o contenido del servicio en funci\u00f3n del tipo de navegador a trav\u00e9s del cual el usuario accede al servicio o de la regi\u00f3n desde la que accede al servicio, etc.<\/td>\n<\/tr>\n<tr>\n<td width=\"11%\"><strong>Tipo 3<\/strong><\/td>\n<td width=\"20%\"><strong>Cookies de an\u00e1lisis o medici\u00f3n<\/strong><\/td>\n<td width=\"68%\">Son aquellas que permiten al responsable de las mismas el seguimiento y an\u00e1lisis del comportamiento de los usuarios de los sitios web a los que est\u00e1n vinculadas, incluida la cuantificaci\u00f3n de los impactos de los anuncios. La informaci\u00f3n recogida mediante este tipo de cookies se utiliza en la medici\u00f3n de la actividad de los sitios web, aplicaci\u00f3n o plataforma, con el fin de introducir mejoras en funci\u00f3n del an\u00e1lisis de los datos de uso que hacen los usuarios del servicio.<\/td>\n<\/tr>\n<tr>\n<td width=\"11%\"><strong>Tipo 4<\/strong><\/td>\n<td width=\"20%\"><strong>Cookies de publicidad comportamental<\/strong><\/td>\n<td width=\"68%\">Son aquellas que almacenan informaci\u00f3n del comportamiento de los usuarios obtenida a trav\u00e9s de la observaci\u00f3n continuada de sus h\u00e1bitos de navegaci\u00f3n, lo que permite desarrollar un perfil espec\u00edfico para mostrar publicidad en funci\u00f3n del mismo.<\/td>\n<\/tr>\n<\/tbody>\n<\/table>\n<p>&nbsp;<\/p>\n<p>&nbsp;<\/p>\n<p><strong><u>Redes Sociales<\/u><\/strong><\/p>\n<p>Si comparte contenido de este sitio web mediante redes sociales como Facebook y Twitter, es posible que reciba cookies de dichos sitios web. Los ajustes de las cookies de terceros no est\u00e1n bajo el control del titular de la Web, por lo que le sugerimos que compruebe los sitios web de terceros para obtener m\u00e1s informaci\u00f3n sobre sus cookies y c\u00f3mo gestionarlas.<\/p>\n<p><u><\/u><\/p>\n<p><u>\u00bfC\u00f3mo puedo configurar o deshabilitar las cookies que utiliza este sitio web?<\/u><\/p>\n<p>Para restringir o bloquear las cookies, usted deber\u00e1 modificar la configuraci\u00f3n del navegador que utilice en su equipo. Con car\u00e1cter general los navegadores ofrecen las siguientes opciones de configuraci\u00f3n en relaci\u00f3n a la instalaci\u00f3n de cookies:<\/p>\n<p><strong>&#8211; Internet Explorer<\/strong>: <a href=\"http:\/\/windows.microsoft.com\/is-IS\/windows7\/How-to-manage-cookies-in-Internet-Explorer-9\">http:\/\/windows.microsoft.com\/is-IS\/windows7\/How-to-manage-cookies-in-Internet-Explorer-9<\/a><\/p>\n<p><strong>&#8211; Firefox<\/strong><strong>: <\/strong><a href=\"http:\/\/support.mozilla.org\/en-US\/kb\/Cookies\">http:\/\/support.mozilla.org\/en-US\/kb\/Cookies<\/a><\/p>\n<p><strong>&#8211; Chrome: <\/strong><a href=\"http:\/\/support.google.com\/chrome\/bin\/answer.py?hl=en&amp;answer=95647\">http:\/\/support.google.com\/chrome\/bin\/answer.py?hl=en&amp;answer=95647<\/a><\/p>\n<p>&#8211;<strong> Safari: <\/strong><a href=\"http:\/\/support.apple.com\/kb\/PH5042\">http:\/\/support.apple.com\/kb\/PH5042<\/a>\u00a0(y para iOS &#8211;\u00a0<a href=\"http:\/\/support.apple.com\/kb\/HT1677\">http:\/\/support.apple.com\/kb\/HT1677<\/a>)<\/p>\n<p>&nbsp;<\/p>\n<p>Si se impide la instalaci\u00f3n de todas las cookies de la p\u00e1gina web, algunas funcionalidades de la misma, as\u00ed como algunos contenidos pueden verse afectados.<\/p>\n<p>[\/et_pb_text][\/et_pb_column][\/et_pb_row][\/et_pb_section]<\/p>","protected":false},"excerpt":{"rendered":"<p>POL\u00cdTICA DE COOKIEShttps:\/\/proboca.es\/\u00a0utiliza cookies con la finalidad de prestarle una mejor experiencia en su navegaci\u00f3n. Asimismo, en caso de que preste su consentimiento, utilizaremos cookies que nos permitan obtener m\u00e1s informaci\u00f3n acerca de sus preferencias y personalizar nuestro Sitio Web de conformidad con sus intereses individuales, para que tenga una navegaci\u00f3n m\u00e1s fluida y personalizada. [&hellip;]<\/p>","protected":false},"author":1,"featured_media":0,"parent":0,"menu_order":0,"comment_status":"closed","ping_status":"closed","template":"","meta":{"_et_pb_use_builder":"on","_et_pb_old_content":"","_et_gb_content_width":"","footnotes":""},"class_list":["post-1456","page","type-page","status-publish","hentry"],"yoast_head":"<!-- This site is optimized with the Yoast SEO plugin v23.6 - https:\/\/yoast.com\/wordpress\/plugins\/seo\/ -->\n<title>Pol\u00edtica de Cookies en Santo\u00f1a: Informaci\u00f3n sobre el Uso de Cookies en Nuestra Web<\/title>\n<meta name=\"description\" content=\"Consulta nuestra pol\u00edtica de cookies para entender c\u00f3mo utilizamos cookies en nuestra web de dentista en Santo\u00f1a. Aseguramos tu privacidad y te brindamos transparencia sobre la recopilaci\u00f3n y uso de datos.\" \/>\n<meta name=\"robots\" content=\"index, follow, max-snippet:-1, max-image-preview:large, max-video-preview:-1\" \/>\n<link rel=\"canonical\" href=\"https:\/\/proboca.es\/en\/politica-cookies-santona\/\" \/>\n<meta property=\"og:locale\" content=\"en_GB\" \/>\n<meta property=\"og:type\" content=\"article\" \/>\n<meta property=\"og:title\" content=\"Pol\u00edtica de Cookies en Santo\u00f1a: Informaci\u00f3n sobre el Uso de Cookies en Nuestra Web\" \/>\n<meta property=\"og:description\" content=\"Consulta nuestra pol\u00edtica de cookies para entender c\u00f3mo utilizamos cookies en nuestra web de dentista en Santo\u00f1a. Aseguramos tu privacidad y te brindamos transparencia sobre la recopilaci\u00f3n y uso de datos.\" \/>\n<meta property=\"og:url\" content=\"https:\/\/proboca.es\/en\/politica-cookies-santona\/\" \/>\n<meta property=\"og:site_name\" content=\"Cl\u00ednica Dental Proboca\" \/>\n<meta property=\"article:publisher\" content=\"https:\/\/www.facebook.com\/probocacantabria\" \/>\n<meta property=\"article:modified_time\" content=\"2024-08-22T11:03:54+00:00\" \/>\n<meta name=\"twitter:card\" content=\"summary_large_image\" \/>\n<meta name=\"twitter:label1\" content=\"Estimated reading time\" \/>\n\t<meta name=\"twitter:data1\" content=\"4 minutes\" \/>\n<script type=\"application\/ld+json\" class=\"yoast-schema-graph\">{\"@context\":\"https:\/\/schema.org\",\"@graph\":[{\"@type\":\"WebPage\",\"@id\":\"https:\/\/proboca.es\/politica-cookies-santona\/\",\"url\":\"https:\/\/proboca.es\/politica-cookies-santona\/\",\"name\":\"Pol\u00edtica de Cookies en Santo\u00f1a: Informaci\u00f3n sobre el Uso de Cookies en Nuestra Web\",\"isPartOf\":{\"@id\":\"https:\/\/proboca.es\/#website\"},\"datePublished\":\"2021-11-03T10:46:34+00:00\",\"dateModified\":\"2024-08-22T11:03:54+00:00\",\"description\":\"Consulta nuestra pol\u00edtica de cookies para entender c\u00f3mo utilizamos cookies en nuestra web de dentista en Santo\u00f1a. Aseguramos tu privacidad y te brindamos transparencia sobre la recopilaci\u00f3n y uso de datos.\",\"breadcrumb\":{\"@id\":\"https:\/\/proboca.es\/politica-cookies-santona\/#breadcrumb\"},\"inLanguage\":\"en-GB\",\"potentialAction\":[{\"@type\":\"ReadAction\",\"target\":[\"https:\/\/proboca.es\/politica-cookies-santona\/\"]}]},{\"@type\":\"BreadcrumbList\",\"@id\":\"https:\/\/proboca.es\/politica-cookies-santona\/#breadcrumb\",\"itemListElement\":[{\"@type\":\"ListItem\",\"position\":1,\"name\":\"Portada\",\"item\":\"https:\/\/proboca.es\/\"},{\"@type\":\"ListItem\",\"position\":2,\"name\":\"Pol\u00edtica de cookies\"}]},{\"@type\":\"WebSite\",\"@id\":\"https:\/\/proboca.es\/#website\",\"url\":\"https:\/\/proboca.es\/\",\"name\":\"Cl\u00ednica Dental Proboca\",\"description\":\"Transformaci\u00f3n y dise\u00f1o de Sonrisas\",\"publisher\":{\"@id\":\"https:\/\/proboca.es\/#organization\"},\"potentialAction\":[{\"@type\":\"SearchAction\",\"target\":{\"@type\":\"EntryPoint\",\"urlTemplate\":\"https:\/\/proboca.es\/?s={search_term_string}\"},\"query-input\":{\"@type\":\"PropertyValueSpecification\",\"valueRequired\":true,\"valueName\":\"search_term_string\"}}],\"inLanguage\":\"en-GB\"},{\"@type\":\"Organization\",\"@id\":\"https:\/\/proboca.es\/#organization\",\"name\":\"Cl\u00ednica Dental Proboca\",\"url\":\"https:\/\/proboca.es\/\",\"logo\":{\"@type\":\"ImageObject\",\"inLanguage\":\"en-GB\",\"@id\":\"https:\/\/proboca.es\/#\/schema\/logo\/image\/\",\"url\":\"https:\/\/proboca.es\/wp-content\/uploads\/2024\/08\/images.png\",\"contentUrl\":\"https:\/\/proboca.es\/wp-content\/uploads\/2024\/08\/images.png\",\"width\":444,\"height\":113,\"caption\":\"Cl\u00ednica Dental Proboca\"},\"image\":{\"@id\":\"https:\/\/proboca.es\/#\/schema\/logo\/image\/\"},\"sameAs\":[\"https:\/\/www.facebook.com\/probocacantabria\",\"https:\/\/www.instagram.com\/clinicaproboca\/\"]}]}<\/script>\n<!-- \/ Yoast SEO plugin. -->","yoast_head_json":{"title":"Pol\u00edtica de Cookies en Santo\u00f1a: Informaci\u00f3n sobre el Uso de Cookies en Nuestra Web","description":"Consulta nuestra pol\u00edtica de cookies para entender c\u00f3mo utilizamos cookies en nuestra web de dentista en Santo\u00f1a. Aseguramos tu privacidad y te brindamos transparencia sobre la recopilaci\u00f3n y uso de datos.","robots":{"index":"index","follow":"follow","max-snippet":"max-snippet:-1","max-image-preview":"max-image-preview:large","max-video-preview":"max-video-preview:-1"},"canonical":"https:\/\/proboca.es\/en\/politica-cookies-santona\/","og_locale":"en_GB","og_type":"article","og_title":"Pol\u00edtica de Cookies en Santo\u00f1a: Informaci\u00f3n sobre el Uso de Cookies en Nuestra Web","og_description":"Consulta nuestra pol\u00edtica de cookies para entender c\u00f3mo utilizamos cookies en nuestra web de dentista en Santo\u00f1a. Aseguramos tu privacidad y te brindamos transparencia sobre la recopilaci\u00f3n y uso de datos.","og_url":"https:\/\/proboca.es\/en\/politica-cookies-santona\/","og_site_name":"Cl\u00ednica Dental Proboca","article_publisher":"https:\/\/www.facebook.com\/probocacantabria","article_modified_time":"2024-08-22T11:03:54+00:00","twitter_card":"summary_large_image","twitter_misc":{"Estimated reading time":"4 minutes"},"schema":{"@context":"https:\/\/schema.org","@graph":[{"@type":"WebPage","@id":"https:\/\/proboca.es\/politica-cookies-santona\/","url":"https:\/\/proboca.es\/politica-cookies-santona\/","name":"Pol\u00edtica de Cookies en Santo\u00f1a: Informaci\u00f3n sobre el Uso de Cookies en Nuestra Web","isPartOf":{"@id":"https:\/\/proboca.es\/#website"},"datePublished":"2021-11-03T10:46:34+00:00","dateModified":"2024-08-22T11:03:54+00:00","description":"Consulta nuestra pol\u00edtica de cookies para entender c\u00f3mo utilizamos cookies en nuestra web de dentista en Santo\u00f1a. Aseguramos tu privacidad y te brindamos transparencia sobre la recopilaci\u00f3n y uso de datos.","breadcrumb":{"@id":"https:\/\/proboca.es\/politica-cookies-santona\/#breadcrumb"},"inLanguage":"en-GB","potentialAction":[{"@type":"ReadAction","target":["https:\/\/proboca.es\/politica-cookies-santona\/"]}]},{"@type":"BreadcrumbList","@id":"https:\/\/proboca.es\/politica-cookies-santona\/#breadcrumb","itemListElement":[{"@type":"ListItem","position":1,"name":"Portada","item":"https:\/\/proboca.es\/"},{"@type":"ListItem","position":2,"name":"Pol\u00edtica de cookies"}]},{"@type":"WebSite","@id":"https:\/\/proboca.es\/#website","url":"https:\/\/proboca.es\/","name":"Cl\u00ednica Dental Proboca","description":"Transformaci\u00f3n y dise\u00f1o de Sonrisas","publisher":{"@id":"https:\/\/proboca.es\/#organization"},"potentialAction":[{"@type":"SearchAction","target":{"@type":"EntryPoint","urlTemplate":"https:\/\/proboca.es\/?s={search_term_string}"},"query-input":{"@type":"PropertyValueSpecification","valueRequired":true,"valueName":"search_term_string"}}],"inLanguage":"en-GB"},{"@type":"Organization","@id":"https:\/\/proboca.es\/#organization","name":"Cl\u00ednica Dental Proboca","url":"https:\/\/proboca.es\/","logo":{"@type":"ImageObject","inLanguage":"en-GB","@id":"https:\/\/proboca.es\/#\/schema\/logo\/image\/","url":"https:\/\/proboca.es\/wp-content\/uploads\/2024\/08\/images.png","contentUrl":"https:\/\/proboca.es\/wp-content\/uploads\/2024\/08\/images.png","width":444,"height":113,"caption":"Cl\u00ednica Dental Proboca"},"image":{"@id":"https:\/\/proboca.es\/#\/schema\/logo\/image\/"},"sameAs":["https:\/\/www.facebook.com\/probocacantabria","https:\/\/www.instagram.com\/clinicaproboca\/"]}]}},"_links":{"self":[{"href":"https:\/\/proboca.es\/en\/wp-json\/wp\/v2\/pages\/1456"}],"collection":[{"href":"https:\/\/proboca.es\/en\/wp-json\/wp\/v2\/pages"}],"about":[{"href":"https:\/\/proboca.es\/en\/wp-json\/wp\/v2\/types\/page"}],"author":[{"embeddable":true,"href":"https:\/\/proboca.es\/en\/wp-json\/wp\/v2\/users\/1"}],"replies":[{"embeddable":true,"href":"https:\/\/proboca.es\/en\/wp-json\/wp\/v2\/comments?post=1456"}],"version-history":[{"count":5,"href":"https:\/\/proboca.es\/en\/wp-json\/wp\/v2\/pages\/1456\/revisions"}],"predecessor-version":[{"id":1726,"href":"https:\/\/proboca.es\/en\/wp-json\/wp\/v2\/pages\/1456\/revisions\/1726"}],"wp:attachment":[{"href":"https:\/\/proboca.es\/en\/wp-json\/wp\/v2\/media?parent=1456"}],"curies":[{"name":"wp","href":"https:\/\/api.w.org\/{rel}","templated":true}]}}