{"id":1460,"date":"2021-11-03T10:50:04","date_gmt":"2021-11-03T10:50:04","guid":{"rendered":"https:\/\/proboca.es\/?page_id=1460"},"modified":"2024-08-22T08:06:20","modified_gmt":"2024-08-22T08:06:20","slug":"aviso-legal-clinica-dental-provoca","status":"publish","type":"page","link":"https:\/\/proboca.es\/en\/aviso-legal-clinica-dental-provoca\/","title":{"rendered":"Legal warning"},"content":{"rendered":"<p>[et_pb_section fb_built=\u00bb1&#8243; _builder_version=\u00bb4.16&#8243; global_colors_info=\u00bb{}\u00bb][et_pb_row _builder_version=\u00bb4.16&#8243; background_size=\u00bbinitial\u00bb background_position=\u00bbtop_left\u00bb background_repeat=\u00bbrepeat\u00bb global_colors_info=\u00bb{}\u00bb][et_pb_column type=\u00bb4_4&#8243; _builder_version=\u00bb4.16&#8243; custom_padding=\u00bb|||\u00bb global_colors_info=\u00bb{}\u00bb custom_padding__hover=\u00bb|||\u00bb][et_pb_text _builder_version=\u00bb4.16&#8243; _module_preset=\u00bbdefault\u00bb header_text_align=\u00bbcenter\u00bb custom_margin=\u00bb||45px|||\u00bb global_colors_info=\u00bb{}\u00bb]<\/p>\n<h1>AVISO LEGAL<\/h1>\n<p>[\/et_pb_text][et_pb_text _builder_version=\u00bb4.16&#8243; background_size=\u00bbinitial\u00bb background_position=\u00bbtop_left\u00bb background_repeat=\u00bbrepeat\u00bb global_colors_info=\u00bb{}\u00bb]<\/p>\n<p><a name=\"_Toc333943878\"><\/a>Informaci\u00f3n general<\/p>\n<p>En cumplimiento de lo previsto en el art\u00edculo 10 de la Ley 34\/2.002, de 11 de julio, de Servicios de la Sociedad de la Informaci\u00f3n y Comercio Electr\u00f3nico, se informa que <a name=\"_Toc333943879\"><\/a><a name=\"_Toc334041117\"><\/a>la direcci\u00f3n URL https:\/\/proboca.es\/ (en adelante el sitio Web) es un dominio registrado por CLINICA BALLINA SLPU<\/p>\n<p>Los datos de CLINICA BALLINA SLPU son los siguientes:<\/p>\n<ul>\n<li>CIF n.\u00ba B39717913<\/li>\n<li>Domicilio: <span>C. las Huertas, 3, bajo, 39740 Santo\u00f1a, Cantabria<\/span><\/li>\n<li>Email de contacto: cantabria@proboca.es<\/li>\n<li>Phone <span>942 68 28 48<\/span><\/li>\n<\/ul>\n<p>CLINICA DENTAL BALLINA act\u00faa como responsable de los contenidos del SITIO WEB <a href=\"https:\/\/proboca.es\/en\/\">https:\/\/www.clinicaballina.es\/<\/a><\/p>\n<p>&nbsp;<\/p>\n<p>Condiciones de uso<\/p>\n<p>El acceso y uso de este sitio web atribuye la condici\u00f3n de USUARIO, quien, al navegar por este sitio, acepta \u00edntegra, expresa y sin reservas, todas las cl\u00e1usulas del presente aviso legal. Por ello, rogamos al USUARIO que lea detenidamente el presente aviso legal.<\/p>\n<p>CLINICA BALLINA SLPU se reserva la facultad de modificar unilateralmente los t\u00e9rminos y condiciones de este sitio, en cuyo caso proceder\u00e1 a la publicaci\u00f3n de nuevos t\u00e9rminos y condiciones en la p\u00e1gina web.<\/p>\n<p>El acceso y uso de este sitio web por parte del USUARIO es gratuito y libre, no obstante, determinadas partes del sitio web cuentan con acceso reservado a los colegiados, mediante un identificador de usuario y contrase\u00f1a.<\/p>\n<p>Los USUARIOS no colegiados pueden visitar las secciones p\u00fablicas del sitio, no debiendo intentar nunca el acceso a las secciones de acceso restringido, salvo que le haya sido autorizado mediante la asignaci\u00f3n de un usuario y contrase\u00f1a.<\/p>\n<p>En todo caso, el USUARIO asume la responsabilidad en el uso de la presente p\u00e1gina web, y se compromete a navegar de buena fe y de forma diligente.<\/p>\n<p>En cualquier momento CLINICA BALLINA SLPU puede modificar unilateralmente, y sin previo aviso, la presentaci\u00f3n y\/o configuraci\u00f3n del sitio web, as\u00ed como los servicios y contenidos prestados.<\/p>\n<p>&nbsp;<\/p>\n<p>Responsabilidad del USUARIO<\/p>\n<p>El USUARIO se compromete a no utilizar el SITIO WEB ni la informaci\u00f3n ofrecida en el mismo para la realizaci\u00f3n de actividades contrarias a la Ley, la moral o el orden p\u00fablico y, en general, a hacer un uso conforme a las condiciones establecidas por CLINICA BALLINA SLPU.<\/p>\n<p>Las opiniones, contenidos y, en general, todas las actividades realizadas por el USUARIO son de su exclusiva responsabilidad, sin que pueda responsabilizarse a CLINICA BALLINA SLPU, de los da\u00f1os o perjuicios que pudieran derivarse de dichas actividades ajenas a su voluntad, y sin que \u00e9ste tenga un conocimiento efectivo de las mismas.<\/p>\n<p>&nbsp;<\/p>\n<p>Responsabilidad de CLINICA BALLINA SLPU<\/p>\n<p>CLINICA BALLINA SLPU\u00a0no ser\u00e1 responsable de los errores en el acceso al SITIO WEB o en sus contenidos, aunque podr\u00e1 la mayor diligencia en que los mismos no se produzcan.<\/p>\n<p>CLINICA BALLINA SLPU se reserva el derecho de suspender temporalmente, y sin necesidad de previo aviso, la accesibilidad del SITIO WEB con motivo de una eventual necesidad de efectuar operaciones de mantenimiento, reparaci\u00f3n, actualizaci\u00f3n, o mejora del mismo.<\/p>\n<p>&nbsp;<\/p>\n<p>Propiedad Intelectual e Industrial<\/p>\n<p>Todos los contenidos del SITIO WEB (incluyendo, sin car\u00e1cter limitativo, bases de datos, im\u00e1genes, dibujos, gr\u00e1ficos, archivos de texto, audio, video y software) son propiedad de CLINICA BALLINA SLPU, y est\u00e1n protegidos por las normas nacionales e internacionales de propiedad intelectual e industrial, quedando todos los derechos reservados.<\/p>\n<p>El nombre de dominio, las marcas, r\u00f3tulos, signos distintivos o logos que aparecen en el SITIO WEB son titularidad de CLINICA BALLINA SLPU.<\/p>\n<p>Todos los textos, dibujos gr\u00e1ficos, v\u00eddeos o soportes de audio que pudieran encontrarse en este momento, o en el futuro, en este sitio de Internet, son propiedad de\u00a0 CLINICA BALLINA SLPU, y no podr\u00e1n ser objeto de ulterior modificaci\u00f3n, copia, alteraci\u00f3n, reproducci\u00f3n total o parcial, adaptaci\u00f3n o traducci\u00f3n por parte del USUARIO o de terceros, sin la expresa autorizaci\u00f3n por parte de CLINICA BALLINA SLPU.<\/p>\n<p>El uso no autorizado de la informaci\u00f3n contenida en este SITIO WEB, as\u00ed como la lesi\u00f3n de los derechos de propiedad intelectual o industrial dar\u00e1 lugar a las responsabilidades legalmente establecidas.<\/p>\n<p>&nbsp;<\/p>\n<p>Hiperenlaces<\/p>\n<p>El establecimiento de cualquier hiperenlace desde una p\u00e1gina web ajena, a cualquiera de las p\u00e1ginas del SITIO WEB de CLINICA BALLINA SLPU estar\u00e1 sometido a las siguientes condiciones:<\/p>\n<ul>\n<li>No se permite la reproducci\u00f3n ni total ni parcial de ninguno de los servicios contenidos en el SITIO WEB de CLINICA BALLINA SLPU<\/li>\n<li>No se incluir\u00e1 ninguna manifestaci\u00f3n falsa, inexacta o incorrecta sobre las p\u00e1ginas del SITIO WEB de CLINICA BALLINA SLPU, y sus servicios.<\/li>\n<li>Bajo ninguna circunstancia, CLINICA BALLINA SLPU ser\u00e1 responsable de los contenidos, informaciones, manifestaciones, opiniones o servicios puestos a disposici\u00f3n del p\u00fablico en la p\u00e1gina web desde la que se establezca un hiperenlace al presente SITIO WEB.<\/li>\n<li>Cualquier hiperenlace se efectuar\u00e1 a la p\u00e1gina principal del SITIO WEB.<\/li>\n<\/ul>\n<p>Los hiperenlaces que se encuentran en el SITIO WEB han sido previamente consensuados con los titulares de las p\u00e1ginas web enlazadas. CLINICA DENTAL BALLINA no ser\u00e1 responsable del mal uso ni de las actividades contrarias a la ley, la moral o el orden p\u00fablico que realicen los usuarios en dichas p\u00e1ginas enlazadas.<\/p>\n<p>&nbsp;<\/p>\n<p>Vigencia de las condiciones de uso<\/p>\n<p>Las condiciones de uso de este SITIO WEB tienen car\u00e1cter indefinido. CLINICA BALLINA SLPU se reserva en todo caso el derecho unilateral de modificar las condiciones de acceso a las mismas, as\u00ed como su contenido.<\/p>\n<p>&nbsp;<\/p>\n<p>Nulidad e ineficacia de las cl\u00e1usulas<\/p>\n<p>Si cualquier cl\u00e1usula incluida en estas condiciones fuese declarada total o parcialmente nula o ineficaz, tal nulidad afectar\u00e1 tan solo a dicha disposici\u00f3n, o a la parte de la misma que resultare nula o ineficaz, subsistiendo en todo lo dem\u00e1s las condiciones.<\/p>\n<p>&nbsp;<\/p>\n<p>Legislaci\u00f3n y jurisdicci\u00f3n aplicables\u00a0<\/p>\n<p>La prestaci\u00f3n de servicio de este SITIO WEB y las presentes condiciones de uso se rigen por la legislaci\u00f3n espa\u00f1ola.<\/p>\n<p>CLINICA BALLINA SLPU y el USUARIO, con renuncia expresa a cualquier otro fuero, se someten para cualquier controversia que pudiera derivarse del acceso o uso del presente sitio web, al de los Juzgados y Tribunales de SANTANDER Espa\u00f1a).<\/p>\n<p>&nbsp;<\/p>\n<p>Toda cuesti\u00f3n litigiosa que incumba a los servicios prestados a trav\u00e9s de este SITIO WEB ser\u00e1 resuelta a trav\u00e9s de los tribunales arbitrales de consumo, mediadores o semejantes a los que se encuentre adherido CLINICA BALLINA SLPU en el momento de producirse la controversia, as\u00ed como los juzgados y tribunales correspondientes de conformidad con la legislaci\u00f3n espa\u00f1ola.<\/p>\n<p>[\/et_pb_text][\/et_pb_column][\/et_pb_row][\/et_pb_section]<\/p>","protected":false},"excerpt":{"rendered":"<p>AVISO LEGALInformaci\u00f3n general En cumplimiento de lo previsto en el art\u00edculo 10 de la Ley 34\/2.002, de 11 de julio, de Servicios de la Sociedad de la Informaci\u00f3n y Comercio Electr\u00f3nico, se informa que la direcci\u00f3n URL https:\/\/proboca.es\/ (en adelante el sitio Web) es un dominio registrado por CLINICA BALLINA SLPU Los datos de CLINICA [&hellip;]<\/p>","protected":false},"author":1,"featured_media":0,"parent":0,"menu_order":0,"comment_status":"closed","ping_status":"closed","template":"","meta":{"_et_pb_use_builder":"on","_et_pb_old_content":"","_et_gb_content_width":"","footnotes":""},"class_list":["post-1460","page","type-page","status-publish","hentry"],"yoast_head":"<!-- This site is optimized with the Yoast SEO plugin v23.6 - https:\/\/yoast.com\/wordpress\/plugins\/seo\/ -->\n<title>Aviso Legal - Cl\u00ednica Dental Provoca<\/title>\n<meta name=\"description\" content=\"Aviso Legal - Cl\u00ednica Dental Provoca\" \/>\n<meta name=\"robots\" content=\"index, follow, max-snippet:-1, max-image-preview:large, max-video-preview:-1\" \/>\n<link rel=\"canonical\" href=\"https:\/\/proboca.es\/en\/aviso-legal-clinica-dental-provoca\/\" \/>\n<meta property=\"og:locale\" content=\"en_GB\" \/>\n<meta property=\"og:type\" content=\"article\" \/>\n<meta property=\"og:title\" content=\"Aviso Legal - Cl\u00ednica Dental Provoca\" \/>\n<meta property=\"og:description\" content=\"Aviso Legal - Cl\u00ednica Dental Provoca\" \/>\n<meta property=\"og:url\" content=\"https:\/\/proboca.es\/en\/aviso-legal-clinica-dental-provoca\/\" \/>\n<meta property=\"og:site_name\" content=\"Cl\u00ednica Dental Proboca\" \/>\n<meta property=\"article:publisher\" content=\"https:\/\/www.facebook.com\/probocacantabria\" \/>\n<meta property=\"article:modified_time\" content=\"2024-08-22T08:06:20+00:00\" \/>\n<meta name=\"twitter:card\" content=\"summary_large_image\" \/>\n<meta name=\"twitter:label1\" content=\"Estimated reading time\" \/>\n\t<meta name=\"twitter:data1\" content=\"5 minutes\" \/>\n<script type=\"application\/ld+json\" class=\"yoast-schema-graph\">{\"@context\":\"https:\/\/schema.org\",\"@graph\":[{\"@type\":\"WebPage\",\"@id\":\"https:\/\/proboca.es\/aviso-legal-clinica-dental-provoca\/\",\"url\":\"https:\/\/proboca.es\/aviso-legal-clinica-dental-provoca\/\",\"name\":\"Aviso Legal - Cl\u00ednica Dental Provoca\",\"isPartOf\":{\"@id\":\"https:\/\/proboca.es\/#website\"},\"datePublished\":\"2021-11-03T10:50:04+00:00\",\"dateModified\":\"2024-08-22T08:06:20+00:00\",\"description\":\"Aviso Legal - Cl\u00ednica Dental Provoca\",\"breadcrumb\":{\"@id\":\"https:\/\/proboca.es\/aviso-legal-clinica-dental-provoca\/#breadcrumb\"},\"inLanguage\":\"en-GB\",\"potentialAction\":[{\"@type\":\"ReadAction\",\"target\":[\"https:\/\/proboca.es\/aviso-legal-clinica-dental-provoca\/\"]}]},{\"@type\":\"BreadcrumbList\",\"@id\":\"https:\/\/proboca.es\/aviso-legal-clinica-dental-provoca\/#breadcrumb\",\"itemListElement\":[{\"@type\":\"ListItem\",\"position\":1,\"name\":\"Portada\",\"item\":\"https:\/\/proboca.es\/\"},{\"@type\":\"ListItem\",\"position\":2,\"name\":\"Aviso Legal\"}]},{\"@type\":\"WebSite\",\"@id\":\"https:\/\/proboca.es\/#website\",\"url\":\"https:\/\/proboca.es\/\",\"name\":\"Cl\u00ednica Dental Proboca\",\"description\":\"Transformaci\u00f3n y dise\u00f1o de Sonrisas\",\"publisher\":{\"@id\":\"https:\/\/proboca.es\/#organization\"},\"potentialAction\":[{\"@type\":\"SearchAction\",\"target\":{\"@type\":\"EntryPoint\",\"urlTemplate\":\"https:\/\/proboca.es\/?s={search_term_string}\"},\"query-input\":{\"@type\":\"PropertyValueSpecification\",\"valueRequired\":true,\"valueName\":\"search_term_string\"}}],\"inLanguage\":\"en-GB\"},{\"@type\":\"Organization\",\"@id\":\"https:\/\/proboca.es\/#organization\",\"name\":\"Cl\u00ednica Dental Proboca\",\"url\":\"https:\/\/proboca.es\/\",\"logo\":{\"@type\":\"ImageObject\",\"inLanguage\":\"en-GB\",\"@id\":\"https:\/\/proboca.es\/#\/schema\/logo\/image\/\",\"url\":\"https:\/\/proboca.es\/wp-content\/uploads\/2024\/08\/images.png\",\"contentUrl\":\"https:\/\/proboca.es\/wp-content\/uploads\/2024\/08\/images.png\",\"width\":444,\"height\":113,\"caption\":\"Cl\u00ednica Dental Proboca\"},\"image\":{\"@id\":\"https:\/\/proboca.es\/#\/schema\/logo\/image\/\"},\"sameAs\":[\"https:\/\/www.facebook.com\/probocacantabria\",\"https:\/\/www.instagram.com\/clinicaproboca\/\"]}]}<\/script>\n<!-- \/ Yoast SEO plugin. -->","yoast_head_json":{"title":"Aviso Legal - Cl\u00ednica Dental Provoca","description":"Aviso Legal - Cl\u00ednica Dental Provoca","robots":{"index":"index","follow":"follow","max-snippet":"max-snippet:-1","max-image-preview":"max-image-preview:large","max-video-preview":"max-video-preview:-1"},"canonical":"https:\/\/proboca.es\/en\/aviso-legal-clinica-dental-provoca\/","og_locale":"en_GB","og_type":"article","og_title":"Aviso Legal - Cl\u00ednica Dental Provoca","og_description":"Aviso Legal - Cl\u00ednica Dental Provoca","og_url":"https:\/\/proboca.es\/en\/aviso-legal-clinica-dental-provoca\/","og_site_name":"Cl\u00ednica Dental Proboca","article_publisher":"https:\/\/www.facebook.com\/probocacantabria","article_modified_time":"2024-08-22T08:06:20+00:00","twitter_card":"summary_large_image","twitter_misc":{"Estimated reading time":"5 minutes"},"schema":{"@context":"https:\/\/schema.org","@graph":[{"@type":"WebPage","@id":"https:\/\/proboca.es\/aviso-legal-clinica-dental-provoca\/","url":"https:\/\/proboca.es\/aviso-legal-clinica-dental-provoca\/","name":"Aviso Legal - Cl\u00ednica Dental Provoca","isPartOf":{"@id":"https:\/\/proboca.es\/#website"},"datePublished":"2021-11-03T10:50:04+00:00","dateModified":"2024-08-22T08:06:20+00:00","description":"Aviso Legal - Cl\u00ednica Dental Provoca","breadcrumb":{"@id":"https:\/\/proboca.es\/aviso-legal-clinica-dental-provoca\/#breadcrumb"},"inLanguage":"en-GB","potentialAction":[{"@type":"ReadAction","target":["https:\/\/proboca.es\/aviso-legal-clinica-dental-provoca\/"]}]},{"@type":"BreadcrumbList","@id":"https:\/\/proboca.es\/aviso-legal-clinica-dental-provoca\/#breadcrumb","itemListElement":[{"@type":"ListItem","position":1,"name":"Portada","item":"https:\/\/proboca.es\/"},{"@type":"ListItem","position":2,"name":"Aviso Legal"}]},{"@type":"WebSite","@id":"https:\/\/proboca.es\/#website","url":"https:\/\/proboca.es\/","name":"Cl\u00ednica Dental Proboca","description":"Transformaci\u00f3n y dise\u00f1o de Sonrisas","publisher":{"@id":"https:\/\/proboca.es\/#organization"},"potentialAction":[{"@type":"SearchAction","target":{"@type":"EntryPoint","urlTemplate":"https:\/\/proboca.es\/?s={search_term_string}"},"query-input":{"@type":"PropertyValueSpecification","valueRequired":true,"valueName":"search_term_string"}}],"inLanguage":"en-GB"},{"@type":"Organization","@id":"https:\/\/proboca.es\/#organization","name":"Cl\u00ednica Dental Proboca","url":"https:\/\/proboca.es\/","logo":{"@type":"ImageObject","inLanguage":"en-GB","@id":"https:\/\/proboca.es\/#\/schema\/logo\/image\/","url":"https:\/\/proboca.es\/wp-content\/uploads\/2024\/08\/images.png","contentUrl":"https:\/\/proboca.es\/wp-content\/uploads\/2024\/08\/images.png","width":444,"height":113,"caption":"Cl\u00ednica Dental Proboca"},"image":{"@id":"https:\/\/proboca.es\/#\/schema\/logo\/image\/"},"sameAs":["https:\/\/www.facebook.com\/probocacantabria","https:\/\/www.instagram.com\/clinicaproboca\/"]}]}},"_links":{"self":[{"href":"https:\/\/proboca.es\/en\/wp-json\/wp\/v2\/pages\/1460"}],"collection":[{"href":"https:\/\/proboca.es\/en\/wp-json\/wp\/v2\/pages"}],"about":[{"href":"https:\/\/proboca.es\/en\/wp-json\/wp\/v2\/types\/page"}],"author":[{"embeddable":true,"href":"https:\/\/proboca.es\/en\/wp-json\/wp\/v2\/users\/1"}],"replies":[{"embeddable":true,"href":"https:\/\/proboca.es\/en\/wp-json\/wp\/v2\/comments?post=1460"}],"version-history":[{"count":6,"href":"https:\/\/proboca.es\/en\/wp-json\/wp\/v2\/pages\/1460\/revisions"}],"predecessor-version":[{"id":1682,"href":"https:\/\/proboca.es\/en\/wp-json\/wp\/v2\/pages\/1460\/revisions\/1682"}],"wp:attachment":[{"href":"https:\/\/proboca.es\/en\/wp-json\/wp\/v2\/media?parent=1460"}],"curies":[{"name":"wp","href":"https:\/\/api.w.org\/{rel}","templated":true}]}}